{"id":56,"date":"2024-07-11T14:09:07","date_gmt":"2024-07-11T12:09:07","guid":{"rendered":"http:\/\/www.opademag.com\/?page_id=56"},"modified":"2025-06-03T20:58:11","modified_gmt":"2025-06-03T18:58:11","slug":"nos-services","status":"publish","type":"page","link":"https:\/\/www.opademag.com\/index.php\/nos-services\/","title":{"rendered":"Nos services"},"content":{"rendered":"<p>[et_pb_section fb_built=\u00a0\u00bb1&Prime; admin_label=\u00a0\u00bbsection\u00a0\u00bb _builder_version=\u00a0\u00bb4.24.2&Prime; custom_margin=\u00a0\u00bb-30px||||false|false\u00a0\u00bb custom_padding=\u00a0\u00bb0px||||false|false\u00a0\u00bb global_colors_info=\u00a0\u00bb{}\u00a0\u00bb][et_pb_row _builder_version=\u00a0\u00bb4.24.2&Prime; _module_preset=\u00a0\u00bbdefault\u00a0\u00bb width=\u00a0\u00bb100%\u00a0\u00bb max_width=\u00a0\u00bb2560px\u00a0\u00bb max_width_tablet=\u00a0\u00bb2560px\u00a0\u00bb max_width_phone=\u00a0\u00bb2560px\u00a0\u00bb max_width_last_edited=\u00a0\u00bbon|desktop\u00a0\u00bb global_colors_info=\u00a0\u00bb{}\u00a0\u00bb min_height=\u00a0\u00bb53px\u00a0\u00bb custom_margin=\u00a0\u00bb|auto|-25px|auto||\u00a0\u00bb][et_pb_column type=\u00a0\u00bb4_4&Prime; _builder_version=\u00a0\u00bb4.24.2&Prime; _module_preset=\u00a0\u00bbdefault\u00a0\u00bb global_colors_info=\u00a0\u00bb{}\u00a0\u00bb][\/et_pb_column][\/et_pb_row][et_pb_row column_structure=\u00a0\u00bb1_2,1_2&Prime; _builder_version=\u00a0\u00bb4.24.2&Prime; _module_preset=\u00a0\u00bbdefault\u00a0\u00bb global_colors_info=\u00a0\u00bb{}\u00a0\u00bb][et_pb_column type=\u00a0\u00bb1_2&Prime; _builder_version=\u00a0\u00bb4.24.2&Prime; _module_preset=\u00a0\u00bbdefault\u00a0\u00bb background_color=\u00a0\u00bb#203a5b\u00a0\u00bb global_colors_info=\u00a0\u00bb{}\u00a0\u00bb][et_pb_image src=\u00a0\u00bbhttp:\/\/www.opademag.com\/wp-content\/uploads\/2025\/06\/20240718_145857-scaled.jpg\u00a0\u00bb _builder_version=\u00a0\u00bb4.24.2&Prime; _module_preset=\u00a0\u00bbdefault\u00a0\u00bb global_colors_info=\u00a0\u00bb{}\u00a0\u00bb title_text=\u00a0\u00bb20240718_145857&Prime;][\/et_pb_image][\/et_pb_column][et_pb_column type=\u00a0\u00bb1_2&Prime; _builder_version=\u00a0\u00bb4.24.2&Prime; _module_preset=\u00a0\u00bbdefault\u00a0\u00bb global_colors_info=\u00a0\u00bb{}\u00a0\u00bb][et_pb_text _builder_version=\u00a0\u00bb4.24.2&Prime; _module_preset=\u00a0\u00bbdefault\u00a0\u00bb text_font=\u00a0\u00bbOpen Sans||||||||\u00a0\u00bb text_text_color=\u00a0\u00bb#203a5b\u00a0\u00bb text_font_size=\u00a0\u00bb24px\u00a0\u00bb header_text_color=\u00a0\u00bb#708668&Prime; text_font_size_tablet=\u00a0\u00bb24px\u00a0\u00bb text_font_size_phone=\u00a0\u00bb24px\u00a0\u00bb text_font_size_last_edited=\u00a0\u00bbon|desktop\u00a0\u00bb global_colors_info=\u00a0\u00bb{}\u00a0\u00bb]<span data-contrast=\"none\" xml:lang=\"FR-FR\" lang=\"FR-FR\" class=\"TextRun SCXW114697045 BCX0\"><span class=\"NormalTextRun CommentStart SCXW114697045 BCX0\" data-ccp-charstyle=\"Strong\">Nous ne faisons pas que vendre des \u00e9quipements de piscine<\/span><\/span><span class=\"EOP SCXW114697045 BCX0\" data-ccp-props=\"{&quot;134233117&quot;:false,&quot;134233118&quot;:false,&quot;201341983&quot;:0,&quot;335551550&quot;:6,&quot;335551620&quot;:6,&quot;335557856&quot;:16777215,&quot;335559738&quot;:0,&quot;335559739&quot;:300,&quot;335559740&quot;:240,&quot;335572071&quot;:2,&quot;335572072&quot;:0,&quot;335572073&quot;:14935011,&quot;335572075&quot;:2,&quot;335572076&quot;:0,&quot;335572077&quot;:14935011,&quot;335572079&quot;:2,&quot;335572080&quot;:0,&quot;335572081&quot;:14935011,&quot;335572083&quot;:2,&quot;335572084&quot;:0,&quot;335572085&quot;:14935011,&quot;469789798&quot;:&quot;single&quot;,&quot;469789802&quot;:&quot;single&quot;,&quot;469789806&quot;:&quot;single&quot;,&quot;469789810&quot;:&quot;single&quot;}\">\u00a0<\/span>[\/et_pb_text][et_pb_text _builder_version=\u00a0\u00bb4.24.2&Prime; _module_preset=\u00a0\u00bbdefault\u00a0\u00bb text_font=\u00a0\u00bbOpen Sans||||||||\u00a0\u00bb global_colors_info=\u00a0\u00bb{}\u00a0\u00bb]<\/p>\n<p>Nous nous occupons \u00e9galement de votre projet.<\/p>\n<p>Bien avant d&rsquo;ouvrir notre magasin, nous nous occupions nous-m\u00eame des piscines. Et c&rsquo;est encore le cas !<\/p>\n<p>Alors si vous souhaitez d\u00e9l\u00e9guer votre projet, nous sommes l\u00e0.<\/p>\n<p>D\u00e9couvrez juste en dessous la liste de nos services concernant votre piscine.<\/p>\n<p>[\/et_pb_text][\/et_pb_column][\/et_pb_row][\/et_pb_section][et_pb_section fb_built=\u00a0\u00bb1&Prime; _builder_version=\u00a0\u00bb4.24.2&Prime; _module_preset=\u00a0\u00bbdefault\u00a0\u00bb background_color=\u00a0\u00bb#203a5b\u00a0\u00bb global_colors_info=\u00a0\u00bb{}\u00a0\u00bb][et_pb_row column_structure=\u00a0\u00bb1_2,1_2&Prime; _builder_version=\u00a0\u00bb4.24.2&Prime; _module_preset=\u00a0\u00bbdefault\u00a0\u00bb global_colors_info=\u00a0\u00bb{}\u00a0\u00bb][et_pb_column type=\u00a0\u00bb1_2&Prime; _builder_version=\u00a0\u00bb4.24.2&Prime; _module_preset=\u00a0\u00bbdefault\u00a0\u00bb global_colors_info=\u00a0\u00bb{}\u00a0\u00bb][et_pb_text _builder_version=\u00a0\u00bb4.24.2&Prime; _module_preset=\u00a0\u00bbdefault\u00a0\u00bb text_font=\u00a0\u00bbOpen Sans||||||||\u00a0\u00bb text_text_color=\u00a0\u00bb#FFFFFF\u00a0\u00bb text_font_size=\u00a0\u00bb24px\u00a0\u00bb text_font_size_tablet=\u00a0\u00bb24px\u00a0\u00bb text_font_size_phone=\u00a0\u00bb24px\u00a0\u00bb text_font_size_last_edited=\u00a0\u00bbon|desktop\u00a0\u00bb global_colors_info=\u00a0\u00bb{}\u00a0\u00bb]<span data-contrast=\"none\" xml:lang=\"FR-FR\" lang=\"FR-FR\" class=\"TextRun SCXW49843372 BCX0\"><span class=\"NormalTextRun SCXW49843372 BCX0\" data-ccp-charstyle=\"Strong\">Nos services<\/span><\/span>[\/et_pb_text][et_pb_text _builder_version=\u00a0\u00bb4.25.2&Prime; _module_preset=\u00a0\u00bbdefault\u00a0\u00bb text_text_color=\u00a0\u00bb#FFFFFF\u00a0\u00bb global_colors_info=\u00a0\u00bb{}\u00a0\u00bb]<\/p>\n<ul>\n<li><span>Entretien de la piscine (Ponctuelle, saisonni\u00e8re ou annuelle) <br \/><\/span><\/li>\n<li><span>Recherche de fuite par test de pression <br \/><\/span><\/li>\n<li><span>R\u00e9novation des bassins : Reprise \u00e9tanch\u00e9it\u00e9 des pi\u00e8ces \u00e0 sceller ou changement <br \/><\/span><\/li>\n<li><span>Pose carrelage et jointoiement de la piscine <br \/><\/span><\/li>\n<li><span>Changement ou installation d\u2019un liner 75\/100 e <br \/><\/span><\/li>\n<li><span>S\u00e9curit\u00e9 piscine : Fourniture et pose Alarmes, barri\u00e8re filet PSE, Volet roulant, b\u00e2che \u00e0 barre <br \/><\/span><\/li>\n<li><span>Couvertures piscine : Fourniture et installation de b\u00e2che \u00e0 bulles, b\u00e2che hiver, b\u00e2che \u00e0 barre, volet roulant <br \/><\/span><\/li>\n<li><span>Changement de la charge filtrante du filtre : Sable, verre et cartouche <br \/><\/span><\/li>\n<li><span>Filtration : Installation, r\u00e9novation et d\u00e9pannage de vos \u00e9quipements <br \/><\/span><\/li>\n<li><span>Equipements ext\u00e9rieures : Pompe \u00e0 chaleur, douches, cascades <br \/><\/span><\/li>\n<li><span>Traitement automatique : Appareil au sel, r\u00e9gulation PH \/ R\u00e9dox, UV \u2026 <br \/><\/span><\/li>\n<li><span>La mise en service de la piscine : D\u00e9b\u00e2chage, remise en service de la filtration, nettoyage \u2026 <br \/><\/span><\/li>\n<li><span>Terrasse en bois SPA : Vente, pose et r\u00e9paration<\/span><\/li>\n<\/ul>\n<p>[\/et_pb_text][\/et_pb_column][et_pb_column type=\u00a0\u00bb1_2&Prime; _builder_version=\u00a0\u00bb4.24.2&Prime; _module_preset=\u00a0\u00bbdefault\u00a0\u00bb global_colors_info=\u00a0\u00bb{}\u00a0\u00bb][et_pb_image src=\u00a0\u00bbhttp:\/\/www.opademag.com\/wp-content\/uploads\/2025\/06\/20190620_155451-scaled.jpg\u00a0\u00bb _builder_version=\u00a0\u00bb4.24.2&Prime; _module_preset=\u00a0\u00bbdefault\u00a0\u00bb global_colors_info=\u00a0\u00bb{}\u00a0\u00bb title_text=\u00a0\u00bb20190620_155451&Prime;][\/et_pb_image][\/et_pb_column][\/et_pb_row][\/et_pb_section][et_pb_section fb_built=\u00a0\u00bb1&Prime; _builder_version=\u00a0\u00bb4.25.2&Prime; _module_preset=\u00a0\u00bbdefault\u00a0\u00bb global_colors_info=\u00a0\u00bb{}\u00a0\u00bb][et_pb_row column_structure=\u00a0\u00bb1_2,1_2&Prime; _builder_version=\u00a0\u00bb4.24.2&Prime; _module_preset=\u00a0\u00bbdefault\u00a0\u00bb global_colors_info=\u00a0\u00bb{}\u00a0\u00bb][et_pb_column type=\u00a0\u00bb1_2&Prime; _builder_version=\u00a0\u00bb4.24.2&Prime; _module_preset=\u00a0\u00bbdefault\u00a0\u00bb global_colors_info=\u00a0\u00bb{}\u00a0\u00bb][et_pb_image src=\u00a0\u00bbhttp:\/\/www.opademag.com\/wp-content\/uploads\/2025\/06\/PHOTO-CHATEAU-ITC-scaled.jpg\u00a0\u00bb _builder_version=\u00a0\u00bb4.24.2&Prime; _module_preset=\u00a0\u00bbdefault\u00a0\u00bb hover_enabled=\u00a0\u00bb0&Prime; global_colors_info=\u00a0\u00bb{}\u00a0\u00bb title_text=\u00a0\u00bbPHOTO CHATEAU ITC\u00a0\u00bb sticky_enabled=\u00a0\u00bb0&Prime;][\/et_pb_image][\/et_pb_column][et_pb_column type=\u00a0\u00bb1_2&Prime; _builder_version=\u00a0\u00bb4.24.2&Prime; _module_preset=\u00a0\u00bbdefault\u00a0\u00bb global_colors_info=\u00a0\u00bb{}\u00a0\u00bb][et_pb_text _builder_version=\u00a0\u00bb4.24.2&Prime; _module_preset=\u00a0\u00bbdefault\u00a0\u00bb text_font=\u00a0\u00bbOpen Sans||||||||\u00a0\u00bb text_text_color=\u00a0\u00bb#203a5b\u00a0\u00bb text_font_size=\u00a0\u00bb24px\u00a0\u00bb text_font_size_tablet=\u00a0\u00bb24px\u00a0\u00bb text_font_size_phone=\u00a0\u00bb24px\u00a0\u00bb text_font_size_last_edited=\u00a0\u00bbon|desktop\u00a0\u00bb global_colors_info=\u00a0\u00bb{}\u00a0\u00bb]<\/p>\n<p>Vous souhaitez que l&rsquo;on s&rsquo;occupe de votre projet ?<\/p>\n<p>[\/et_pb_text][et_pb_text _builder_version=\u00a0\u00bb4.24.2&Prime; _module_preset=\u00a0\u00bbdefault\u00a0\u00bb text_font=\u00a0\u00bbOpen Sans||||||||\u00a0\u00bb global_colors_info=\u00a0\u00bb{}\u00a0\u00bb]<\/p>\n<p><span>Vous pouvez nous contacter par t\u00e9l\u00e9phone au 07 87 59 79 84 ou par mail \u00e0 cette adresse : opademag@gmail.com.<\/span><\/p>\n<p>[\/et_pb_text][\/et_pb_column][\/et_pb_row][\/et_pb_section]<\/p>\n","protected":false},"excerpt":{"rendered":"<p>Nous ne faisons pas que vendre des \u00e9quipements de piscine\u00a0Nous nous occupons \u00e9galement de votre projet. Bien avant d&rsquo;ouvrir notre magasin, nous nous occupions nous-m\u00eame des piscines. Et c&rsquo;est encore le cas ! Alors si vous souhaitez d\u00e9l\u00e9guer votre projet, nous sommes l\u00e0. D\u00e9couvrez juste en dessous la liste de nos services concernant votre piscine.Nos [&hellip;]<\/p>\n","protected":false},"author":1,"featured_media":0,"parent":0,"menu_order":0,"comment_status":"closed","ping_status":"closed","template":"","meta":{"_et_pb_use_builder":"on","_et_pb_old_content":"","_et_gb_content_width":"","footnotes":""},"class_list":["post-56","page","type-page","status-publish","hentry"],"_links":{"self":[{"href":"https:\/\/www.opademag.com\/index.php\/wp-json\/wp\/v2\/pages\/56","targetHints":{"allow":["GET"]}}],"collection":[{"href":"https:\/\/www.opademag.com\/index.php\/wp-json\/wp\/v2\/pages"}],"about":[{"href":"https:\/\/www.opademag.com\/index.php\/wp-json\/wp\/v2\/types\/page"}],"author":[{"embeddable":true,"href":"https:\/\/www.opademag.com\/index.php\/wp-json\/wp\/v2\/users\/1"}],"replies":[{"embeddable":true,"href":"https:\/\/www.opademag.com\/index.php\/wp-json\/wp\/v2\/comments?post=56"}],"version-history":[{"count":8,"href":"https:\/\/www.opademag.com\/index.php\/wp-json\/wp\/v2\/pages\/56\/revisions"}],"predecessor-version":[{"id":158,"href":"https:\/\/www.opademag.com\/index.php\/wp-json\/wp\/v2\/pages\/56\/revisions\/158"}],"wp:attachment":[{"href":"https:\/\/www.opademag.com\/index.php\/wp-json\/wp\/v2\/media?parent=56"}],"curies":[{"name":"wp","href":"https:\/\/api.w.org\/{rel}","templated":true}]}}